{"id":79,"date":"2022-06-07T17:14:57","date_gmt":"2022-06-07T20:14:57","guid":{"rendered":"http:\/\/hatchadourian.com.ar\/?page_id=79"},"modified":"2022-10-19T16:25:29","modified_gmt":"2022-10-19T19:25:29","slug":"dpto-de-impuestos","status":"publish","type":"page","link":"https:\/\/hatchadourian.com.ar\/web\/dpto-de-impuestos\/","title":{"rendered":"Dpto. de Impuestos"},"content":{"rendered":"\n<div class=\"slider-wrapper relative \" id=\"slider-1520030015\" >\n    <div class=\"slider slider-nav-circle slider-nav-large slider-nav-light slider-style-normal\"\n        data-flickity-options='{\n            \"cellAlign\": \"center\",\n            \"imagesLoaded\": true,\n            \"lazyLoad\": 1,\n            \"freeScroll\": false,\n            \"wrapAround\": true,\n            \"autoPlay\": 6000,\n            \"pauseAutoPlayOnHover\" : true,\n            \"prevNextButtons\": true,\n            \"contain\" : true,\n            \"adaptiveHeight\" : true,\n            \"dragThreshold\" : 10,\n            \"percentPosition\": true,\n            \"pageDots\": true,\n            \"rightToLeft\": false,\n            \"draggable\": true,\n            \"selectedAttraction\": 0.1,\n            \"parallax\" : 0,\n            \"friction\": 0.6        }'\n        >\n        \n\n\n  <div class=\"banner has-hover\" id=\"banner-240189169\">\n          <div class=\"banner-inner fill\">\n        <div class=\"banner-bg fill\" >\n            <div class=\"bg fill bg-fill \"><\/div>\n                        <div class=\"overlay\"><\/div>            \n                    <\/div><!-- bg-layers -->\n        <div class=\"banner-layers container\">\n            <div class=\"fill banner-link\"><\/div>            \n\n   <div id=\"text-box-248111897\" class=\"text-box banner-layer x50 md-x50 lg-x50 y50 md-y50 lg-y50 res-text\">\n                     <div data-animate=\"flipInY\">           <div class=\"text dark\">\n              \n              <div class=\"text-inner text-center\">\n                  \n\n<div class=\"is-divider divider clearfix\" style=\"margin-top:3px;margin-bottom:3px;\"><\/div><!-- .divider -->\n\n<h3 class=\"normal\"><span style=\"font-size: 160%;\"><strong>Dpto. de Impuestos<\/strong><\/span><\/h3>\n<div class=\"is-divider divider clearfix\" ><\/div><!-- .divider -->\n\n\n              <\/div>\n           <\/div><!-- text-box-inner -->\n       <\/div>                     \n<style scope=\"scope\">\n\n#text-box-248111897 {\n  width: 100%;\n}\n#text-box-248111897 .text {\n  font-size: 100%;\n}\n\n\n@media (min-width:550px) {\n\n  #text-box-248111897 {\n    width: 70%;\n  }\n\n}\n<\/style>\n    <\/div><!-- text-box -->\n \n\n        <\/div><!-- .banner-layers -->\n      <\/div><!-- .banner-inner -->\n\n            \n<style scope=\"scope\">\n\n#banner-240189169 {\n  padding-top: 300px;\n}\n#banner-240189169 .bg.bg-loaded {\n  background-image: url(https:\/\/hatchadourian.com.ar\/web\/wp-content\/uploads\/2022\/10\/impuestos-1024x683.jpg);\n}\n#banner-240189169 .overlay {\n  background-color: rgba(0,0,0,.5);\n}\n#banner-240189169 .bg {\n  background-position: 58% 63%;\n}\n<\/style>\n  <\/div><!-- .banner -->\n\n\n\n     <\/div>\n\n     <div class=\"loading-spin dark large centered\"><\/div>\n\n     <style scope=\"scope\">\n             <\/style>\n<\/div><!-- .ux-slider-wrapper -->\n\n\n<div class=\"row\"  id=\"row-793812137\">\n\n<div class=\"col medium-2 small-12 large-2\"  ><div class=\"col-inner\"  >\n\n\n<\/div><\/div>\n<div class=\"col medium-5 small-12 large-5\"  ><div class=\"col-inner\"  >\n\n<p><strong>Especializados en atenci\u00f3n de Inspecciones impositivas y previsionales:<\/strong> Afip, Anses, Ministerio de Trabajo, Agip, Arba, Administraciones Tributarias provinciales y municipales, Obras Sociales y Sindicatos.\u00a0<\/p>\n<p>&#8211; Procedimiento fiscales.\u00a0<br \/>&#8211; Procedimientos administrativos.\u00a0<br \/>&#8211; Recursos y amparos.\u00a0<br \/>&#8211; Impugnaciones.\u00a0<br \/>&#8211; Apelaciones.\u00a0<br \/>&#8211; Ley Penal Tributaria.\u00a0<\/p>\n\n<\/div><\/div>\n<div class=\"col medium-5 small-12 large-5\"  ><div class=\"col-inner\"  >\n\n<p><strong>Atenci\u00f3n de Inspecciones:<\/strong> Los contribuyentes tienen una amplia gama de obligaciones tipificadas todas en la legislaci\u00f3n pertinente, pero tambi\u00e9n y por sobre todas las cosas tienen DERECHOS. Garantizar esos derechos es el servicio que le ofrecemos. Vigilar que no le sean vulnerados ante una inspecci\u00f3n, fiscalizaci\u00f3n, pedido de informes, de documentaci\u00f3n, etc, es nuestro trabajo.\u00a0<\/p>\n\n<\/div><\/div>\n\n<\/div>\n\n","protected":false},"excerpt":{"rendered":"","protected":false},"author":3,"featured_media":0,"parent":0,"menu_order":0,"comment_status":"closed","ping_status":"closed","template":"page-blank.php","meta":{"iawp_total_views":116,"_joinchat":[],"footnotes":""},"class_list":["post-79","page","type-page","status-publish","hentry"],"_links":{"self":[{"href":"https:\/\/hatchadourian.com.ar\/web\/wp-json\/wp\/v2\/pages\/79","targetHints":{"allow":["GET"]}}],"collection":[{"href":"https:\/\/hatchadourian.com.ar\/web\/wp-json\/wp\/v2\/pages"}],"about":[{"href":"https:\/\/hatchadourian.com.ar\/web\/wp-json\/wp\/v2\/types\/page"}],"author":[{"embeddable":true,"href":"https:\/\/hatchadourian.com.ar\/web\/wp-json\/wp\/v2\/users\/3"}],"replies":[{"embeddable":true,"href":"https:\/\/hatchadourian.com.ar\/web\/wp-json\/wp\/v2\/comments?post=79"}],"version-history":[{"count":1,"href":"https:\/\/hatchadourian.com.ar\/web\/wp-json\/wp\/v2\/pages\/79\/revisions"}],"predecessor-version":[{"id":177,"href":"https:\/\/hatchadourian.com.ar\/web\/wp-json\/wp\/v2\/pages\/79\/revisions\/177"}],"wp:attachment":[{"href":"https:\/\/hatchadourian.com.ar\/web\/wp-json\/wp\/v2\/media?parent=79"}],"curies":[{"name":"wp","href":"https:\/\/api.w.org\/{rel}","templated":true}]}}